{"id":2088,"date":"2018-02-15T11:46:15","date_gmt":"2018-02-15T11:46:15","guid":{"rendered":"https:\/\/www.chezstephan.com\/?page_id=2088"},"modified":"2018-02-19T06:56:37","modified_gmt":"2018-02-19T06:56:37","slug":"champagne-autreau","status":"publish","type":"page","link":"https:\/\/www.chezstephan.com\/?page_id=2088","title":{"rendered":"Champagne Autr\u00e9au"},"content":{"rendered":"<p><img loading=\"lazy\" decoding=\"async\" class=\"aligncenter size-full wp-image-2107\" src=\"https:\/\/www.chezstephan.com\/wp-content\/uploads\/2018\/02\/Autr\u00e9au_logo.png\" alt=\"Autr\u00e9au_logo\" width=\"699\" height=\"376\" srcset=\"https:\/\/www.chezstephan.com\/wp-content\/uploads\/2018\/02\/Autr\u00e9au_logo.png 699w, https:\/\/www.chezstephan.com\/wp-content\/uploads\/2018\/02\/Autr\u00e9au_logo-600x323.png 600w, https:\/\/www.chezstephan.com\/wp-content\/uploads\/2018\/02\/Autr\u00e9au_logo-300x161.png 300w\" sizes=\"auto, (max-width: 699px) 100vw, 699px\" \/><\/p>\n<p><a href=\"https:\/\/www.chezstephan.com\/wp-content\/uploads\/2018\/02\/Roualet-Brut.pdf\">Roualet Brut<\/a><br \/>\n<a href=\"https:\/\/www.chezstephan.com\/wp-content\/uploads\/2018\/02\/Roualet-Brut-Ros\u00e9.pdf\">Roualet Brut Ros\u00e9<\/a><br \/>\n<a href=\"https:\/\/www.chezstephan.com\/wp-content\/uploads\/2018\/02\/Premier-Cru-Brut.pdf\">Premier Cru Brut<\/a><br \/>\n<a href=\"https:\/\/www.chezstephan.com\/wp-content\/uploads\/2018\/02\/Premier-Cru-Ros\u00e9-Brut.pdf\">Premier Cru Ros\u00e9 Brut<\/a><br \/>\n<a href=\"https:\/\/www.chezstephan.com\/wp-content\/uploads\/2018\/02\/Extra-Brut-Premier-Cru.pdf\">Extra Brut Premier Cru<\/a><br \/>\n<a href=\"https:\/\/www.chezstephan.com\/wp-content\/uploads\/2018\/02\/Brut-Blanc-de-Blancs-Grand-Cru.pdf\">Brut Blanc de Blancs Grand Cru<\/a><br \/>\n<a href=\"https:\/\/www.chezstephan.com\/wp-content\/uploads\/2018\/02\/Les-Perles-de-la-Dhuy-Grand-Cru.pdf\">Les Perles de la Dhuy Grand Cru<\/a><br \/>\n<a href=\"https:\/\/www.chezstephan.com\/wp-content\/uploads\/2018\/02\/Cuv\u00e9e-1670-Grand-Cru.pdf\">Cuv\u00e9e 1670 Grand Cru<\/a><\/p>\n<p>&nbsp;<\/p>\n<p>Visit website: <a href=\"http:\/\/champagneautreau.com\/eng\/\">Champagne Autr\u00e9au<\/a><\/p>\n","protected":false},"excerpt":{"rendered":"<p>Roualet Brut Roualet Brut Ros\u00e9 Premier Cru Brut Premier Cru Ros\u00e9 Brut Extra Brut Premier Cru Brut Blanc de Blancs Grand Cru Les Perles de la Dhuy Grand Cru Cuv\u00e9e 1670 Grand Cru &nbsp; Visit website: Champagne Autr\u00e9au<\/p>\n","protected":false},"author":3,"featured_media":0,"parent":0,"menu_order":0,"comment_status":"closed","ping_status":"closed","template":"","meta":{"_exactmetrics_skip_tracking":false,"_exactmetrics_sitenote_active":false,"_exactmetrics_sitenote_note":"","_exactmetrics_sitenote_category":0,"footnotes":""},"class_list":["post-2088","page","type-page","status-publish","hentry"],"yoast_head":"<!-- This site is optimized with the Yoast SEO plugin v27.3 - https:\/\/yoast.com\/product\/yoast-seo-wordpress\/ -->\n<title>Champagne Autr\u00e9au - Chez Stephan Hair Salon &amp; Wine Shop<\/title>\n<meta name=\"robots\" content=\"index, follow, max-snippet:-1, max-image-preview:large, max-video-preview:-1\" \/>\n<link rel=\"canonical\" href=\"https:\/\/www.chezstephan.com\/?page_id=2088\" \/>\n<meta property=\"og:locale\" content=\"en_GB\" \/>\n<meta property=\"og:type\" content=\"article\" \/>\n<meta property=\"og:title\" content=\"Champagne Autr\u00e9au - Chez Stephan Hair Salon &amp; Wine Shop\" \/>\n<meta property=\"og:description\" content=\"Roualet Brut Roualet Brut Ros\u00e9 Premier Cru Brut Premier Cru Ros\u00e9 Brut Extra Brut Premier Cru Brut Blanc de Blancs Grand Cru Les Perles de la Dhuy Grand Cru Cuv\u00e9e 1670 Grand Cru &nbsp; Visit website: Champagne Autr\u00e9au\" \/>\n<meta property=\"og:url\" content=\"https:\/\/www.chezstephan.com\/?page_id=2088\" \/>\n<meta property=\"og:site_name\" content=\"Chez Stephan Hair Salon &amp; Wine Shop\" \/>\n<meta property=\"article:modified_time\" content=\"2018-02-19T06:56:37+00:00\" \/>\n<meta name=\"twitter:card\" content=\"summary_large_image\" \/>\n<script type=\"application\/ld+json\" class=\"yoast-schema-graph\">{\"@context\":\"https:\\\/\\\/schema.org\",\"@graph\":[{\"@type\":\"WebPage\",\"@id\":\"https:\\\/\\\/www.chezstephan.com\\\/?page_id=2088\",\"url\":\"https:\\\/\\\/www.chezstephan.com\\\/?page_id=2088\",\"name\":\"Champagne Autr\u00e9au - Chez Stephan Hair Salon &amp; Wine Shop\",\"isPartOf\":{\"@id\":\"https:\\\/\\\/www.chezstephan.com\\\/#website\"},\"datePublished\":\"2018-02-15T11:46:15+00:00\",\"dateModified\":\"2018-02-19T06:56:37+00:00\",\"breadcrumb\":{\"@id\":\"https:\\\/\\\/www.chezstephan.com\\\/?page_id=2088#breadcrumb\"},\"inLanguage\":\"en-GB\",\"potentialAction\":[{\"@type\":\"ReadAction\",\"target\":[\"https:\\\/\\\/www.chezstephan.com\\\/?page_id=2088\"]}]},{\"@type\":\"BreadcrumbList\",\"@id\":\"https:\\\/\\\/www.chezstephan.com\\\/?page_id=2088#breadcrumb\",\"itemListElement\":[{\"@type\":\"ListItem\",\"position\":1,\"name\":\"Home\",\"item\":\"https:\\\/\\\/www.chezstephan.com\\\/\"},{\"@type\":\"ListItem\",\"position\":2,\"name\":\"Champagne Autr\u00e9au\"}]},{\"@type\":\"WebSite\",\"@id\":\"https:\\\/\\\/www.chezstephan.com\\\/#website\",\"url\":\"https:\\\/\\\/www.chezstephan.com\\\/\",\"name\":\"Chez Stephan Hair Salon &amp; Wine Shop\",\"description\":\"Hairdressing &amp; Appreciation of Great Wines from French, Europe and New World\",\"potentialAction\":[{\"@type\":\"SearchAction\",\"target\":{\"@type\":\"EntryPoint\",\"urlTemplate\":\"https:\\\/\\\/www.chezstephan.com\\\/?s={search_term_string}\"},\"query-input\":{\"@type\":\"PropertyValueSpecification\",\"valueRequired\":true,\"valueName\":\"search_term_string\"}}],\"inLanguage\":\"en-GB\"}]}<\/script>\n<!-- \/ Yoast SEO plugin. -->","yoast_head_json":{"title":"Champagne Autr\u00e9au - Chez Stephan Hair Salon &amp; Wine Shop","robots":{"index":"index","follow":"follow","max-snippet":"max-snippet:-1","max-image-preview":"max-image-preview:large","max-video-preview":"max-video-preview:-1"},"canonical":"https:\/\/www.chezstephan.com\/?page_id=2088","og_locale":"en_GB","og_type":"article","og_title":"Champagne Autr\u00e9au - Chez Stephan Hair Salon &amp; Wine Shop","og_description":"Roualet Brut Roualet Brut Ros\u00e9 Premier Cru Brut Premier Cru Ros\u00e9 Brut Extra Brut Premier Cru Brut Blanc de Blancs Grand Cru Les Perles de la Dhuy Grand Cru Cuv\u00e9e 1670 Grand Cru &nbsp; Visit website: Champagne Autr\u00e9au","og_url":"https:\/\/www.chezstephan.com\/?page_id=2088","og_site_name":"Chez Stephan Hair Salon &amp; Wine Shop","article_modified_time":"2018-02-19T06:56:37+00:00","twitter_card":"summary_large_image","schema":{"@context":"https:\/\/schema.org","@graph":[{"@type":"WebPage","@id":"https:\/\/www.chezstephan.com\/?page_id=2088","url":"https:\/\/www.chezstephan.com\/?page_id=2088","name":"Champagne Autr\u00e9au - Chez Stephan Hair Salon &amp; Wine Shop","isPartOf":{"@id":"https:\/\/www.chezstephan.com\/#website"},"datePublished":"2018-02-15T11:46:15+00:00","dateModified":"2018-02-19T06:56:37+00:00","breadcrumb":{"@id":"https:\/\/www.chezstephan.com\/?page_id=2088#breadcrumb"},"inLanguage":"en-GB","potentialAction":[{"@type":"ReadAction","target":["https:\/\/www.chezstephan.com\/?page_id=2088"]}]},{"@type":"BreadcrumbList","@id":"https:\/\/www.chezstephan.com\/?page_id=2088#breadcrumb","itemListElement":[{"@type":"ListItem","position":1,"name":"Home","item":"https:\/\/www.chezstephan.com\/"},{"@type":"ListItem","position":2,"name":"Champagne Autr\u00e9au"}]},{"@type":"WebSite","@id":"https:\/\/www.chezstephan.com\/#website","url":"https:\/\/www.chezstephan.com\/","name":"Chez Stephan Hair Salon &amp; Wine Shop","description":"Hairdressing &amp; Appreciation of Great Wines from French, Europe and New World","potentialAction":[{"@type":"SearchAction","target":{"@type":"EntryPoint","urlTemplate":"https:\/\/www.chezstephan.com\/?s={search_term_string}"},"query-input":{"@type":"PropertyValueSpecification","valueRequired":true,"valueName":"search_term_string"}}],"inLanguage":"en-GB"}]}},"_links":{"self":[{"href":"https:\/\/www.chezstephan.com\/index.php?rest_route=\/wp\/v2\/pages\/2088","targetHints":{"allow":["GET"]}}],"collection":[{"href":"https:\/\/www.chezstephan.com\/index.php?rest_route=\/wp\/v2\/pages"}],"about":[{"href":"https:\/\/www.chezstephan.com\/index.php?rest_route=\/wp\/v2\/types\/page"}],"author":[{"embeddable":true,"href":"https:\/\/www.chezstephan.com\/index.php?rest_route=\/wp\/v2\/users\/3"}],"replies":[{"embeddable":true,"href":"https:\/\/www.chezstephan.com\/index.php?rest_route=%2Fwp%2Fv2%2Fcomments&post=2088"}],"version-history":[{"count":0,"href":"https:\/\/www.chezstephan.com\/index.php?rest_route=\/wp\/v2\/pages\/2088\/revisions"}],"wp:attachment":[{"href":"https:\/\/www.chezstephan.com\/index.php?rest_route=%2Fwp%2Fv2%2Fmedia&parent=2088"}],"curies":[{"name":"wp","href":"https:\/\/api.w.org\/{rel}","templated":true}]}}