{"id":2151,"date":"2018-02-17T11:20:45","date_gmt":"2018-02-17T11:20:45","guid":{"rendered":"https:\/\/www.chezstephan.com\/?page_id=2151"},"modified":"2018-02-17T11:20:45","modified_gmt":"2018-02-17T11:20:45","slug":"chateau-ferreyres","status":"publish","type":"page","link":"https:\/\/www.chezstephan.com\/?page_id=2151","title":{"rendered":"Ch\u00e2teau Ferreyres"},"content":{"rendered":"<p><img loading=\"lazy\" decoding=\"async\" class=\"aligncenter size-full wp-image-2156\" src=\"https:\/\/www.chezstephan.com\/wp-content\/uploads\/2018\/02\/Ch\u00e2teau-Ferreyres_logo.png\" alt=\"Ch\u00e2teau Ferreyres_logo\" width=\"1002\" height=\"390\" srcset=\"https:\/\/www.chezstephan.com\/wp-content\/uploads\/2018\/02\/Ch\u00e2teau-Ferreyres_logo.png 1002w, https:\/\/www.chezstephan.com\/wp-content\/uploads\/2018\/02\/Ch\u00e2teau-Ferreyres_logo-600x234.png 600w, https:\/\/www.chezstephan.com\/wp-content\/uploads\/2018\/02\/Ch\u00e2teau-Ferreyres_logo-300x117.png 300w, https:\/\/www.chezstephan.com\/wp-content\/uploads\/2018\/02\/Ch\u00e2teau-Ferreyres_logo-768x299.png 768w, https:\/\/www.chezstephan.com\/wp-content\/uploads\/2018\/02\/Ch\u00e2teau-Ferreyres_logo-788x307.png 788w\" sizes=\"auto, (max-width: 1002px) 100vw, 1002px\" \/><\/p>\n<p>&nbsp;<\/p>\n<p><a href=\"https:\/\/www.chezstephan.com\/wp-content\/uploads\/2018\/02\/Bordeaux-Blanc-Sauvignon-1.pdf\">Bordeaux Blanc Sauvignon<\/a><br \/>\n<a href=\"https:\/\/www.chezstephan.com\/wp-content\/uploads\/2018\/02\/Bordeaux-Sup\u00e9rieur-L\u00e9veil-Des-Sens-1.pdf\">Bordeaux Sup\u00e9rieur L&#8217;\u00e9veil Des Sens<\/a><br \/>\n<a href=\"https:\/\/www.chezstephan.com\/wp-content\/uploads\/2018\/02\/Bordeaux-Sup\u00e9rieur-Rouge-1.pdf\">Bordeaux Sup\u00e9rieur Rouge<\/a><br \/>\n<a href=\"https:\/\/www.chezstephan.com\/wp-content\/uploads\/2018\/02\/Cr\u00e9mant-de-Bordeaux-1.pdf\">Cr\u00e9mant de Bordeaux<\/a><\/p>\n<p>&nbsp;<\/p>\n<p>Visit website:\u00a0 <a href=\"https:\/\/www.chateau-ferreyres.com\/\">Ch\u00e2teau Ferreyres<\/a><\/p>\n<p>&nbsp;<\/p>\n<p>&nbsp;<\/p>\n","protected":false},"excerpt":{"rendered":"<p>&nbsp; Bordeaux Blanc Sauvignon Bordeaux Sup\u00e9rieur L&#8217;\u00e9veil Des Sens Bordeaux Sup\u00e9rieur Rouge Cr\u00e9mant de Bordeaux &nbsp; Visit website:\u00a0 Ch\u00e2teau Ferreyres &nbsp; &nbsp;<\/p>\n","protected":false},"author":3,"featured_media":0,"parent":0,"menu_order":0,"comment_status":"closed","ping_status":"closed","template":"","meta":{"_exactmetrics_skip_tracking":false,"_exactmetrics_sitenote_active":false,"_exactmetrics_sitenote_note":"","_exactmetrics_sitenote_category":0,"footnotes":""},"class_list":["post-2151","page","type-page","status-publish","hentry"],"yoast_head":"<!-- This site is optimized with the Yoast SEO plugin v27.3 - https:\/\/yoast.com\/product\/yoast-seo-wordpress\/ -->\n<title>Ch\u00e2teau Ferreyres - Chez Stephan Hair Salon &amp; Wine Shop<\/title>\n<meta name=\"robots\" content=\"index, follow, max-snippet:-1, max-image-preview:large, max-video-preview:-1\" \/>\n<link rel=\"canonical\" href=\"https:\/\/www.chezstephan.com\/?page_id=2151\" \/>\n<meta property=\"og:locale\" content=\"en_GB\" \/>\n<meta property=\"og:type\" content=\"article\" \/>\n<meta property=\"og:title\" content=\"Ch\u00e2teau Ferreyres - Chez Stephan Hair Salon &amp; Wine Shop\" \/>\n<meta property=\"og:description\" content=\"&nbsp; Bordeaux Blanc Sauvignon Bordeaux Sup\u00e9rieur L&#8217;\u00e9veil Des Sens Bordeaux Sup\u00e9rieur Rouge Cr\u00e9mant de Bordeaux &nbsp; Visit website:\u00a0 Ch\u00e2teau Ferreyres &nbsp; &nbsp;\" \/>\n<meta property=\"og:url\" content=\"https:\/\/www.chezstephan.com\/?page_id=2151\" \/>\n<meta property=\"og:site_name\" content=\"Chez Stephan Hair Salon &amp; Wine Shop\" \/>\n<meta name=\"twitter:card\" content=\"summary_large_image\" \/>\n<script type=\"application\/ld+json\" class=\"yoast-schema-graph\">{\"@context\":\"https:\\\/\\\/schema.org\",\"@graph\":[{\"@type\":\"WebPage\",\"@id\":\"https:\\\/\\\/www.chezstephan.com\\\/?page_id=2151\",\"url\":\"https:\\\/\\\/www.chezstephan.com\\\/?page_id=2151\",\"name\":\"Ch\u00e2teau Ferreyres - Chez Stephan Hair Salon &amp; Wine Shop\",\"isPartOf\":{\"@id\":\"https:\\\/\\\/www.chezstephan.com\\\/#website\"},\"datePublished\":\"2018-02-17T11:20:45+00:00\",\"breadcrumb\":{\"@id\":\"https:\\\/\\\/www.chezstephan.com\\\/?page_id=2151#breadcrumb\"},\"inLanguage\":\"en-GB\",\"potentialAction\":[{\"@type\":\"ReadAction\",\"target\":[\"https:\\\/\\\/www.chezstephan.com\\\/?page_id=2151\"]}]},{\"@type\":\"BreadcrumbList\",\"@id\":\"https:\\\/\\\/www.chezstephan.com\\\/?page_id=2151#breadcrumb\",\"itemListElement\":[{\"@type\":\"ListItem\",\"position\":1,\"name\":\"Home\",\"item\":\"https:\\\/\\\/www.chezstephan.com\\\/\"},{\"@type\":\"ListItem\",\"position\":2,\"name\":\"Ch\u00e2teau Ferreyres\"}]},{\"@type\":\"WebSite\",\"@id\":\"https:\\\/\\\/www.chezstephan.com\\\/#website\",\"url\":\"https:\\\/\\\/www.chezstephan.com\\\/\",\"name\":\"Chez Stephan Hair Salon &amp; Wine Shop\",\"description\":\"Hairdressing &amp; Appreciation of Great Wines from French, Europe and New World\",\"potentialAction\":[{\"@type\":\"SearchAction\",\"target\":{\"@type\":\"EntryPoint\",\"urlTemplate\":\"https:\\\/\\\/www.chezstephan.com\\\/?s={search_term_string}\"},\"query-input\":{\"@type\":\"PropertyValueSpecification\",\"valueRequired\":true,\"valueName\":\"search_term_string\"}}],\"inLanguage\":\"en-GB\"}]}<\/script>\n<!-- \/ Yoast SEO plugin. -->","yoast_head_json":{"title":"Ch\u00e2teau Ferreyres - Chez Stephan Hair Salon &amp; Wine Shop","robots":{"index":"index","follow":"follow","max-snippet":"max-snippet:-1","max-image-preview":"max-image-preview:large","max-video-preview":"max-video-preview:-1"},"canonical":"https:\/\/www.chezstephan.com\/?page_id=2151","og_locale":"en_GB","og_type":"article","og_title":"Ch\u00e2teau Ferreyres - Chez Stephan Hair Salon &amp; Wine Shop","og_description":"&nbsp; Bordeaux Blanc Sauvignon Bordeaux Sup\u00e9rieur L&#8217;\u00e9veil Des Sens Bordeaux Sup\u00e9rieur Rouge Cr\u00e9mant de Bordeaux &nbsp; Visit website:\u00a0 Ch\u00e2teau Ferreyres &nbsp; &nbsp;","og_url":"https:\/\/www.chezstephan.com\/?page_id=2151","og_site_name":"Chez Stephan Hair Salon &amp; Wine Shop","twitter_card":"summary_large_image","schema":{"@context":"https:\/\/schema.org","@graph":[{"@type":"WebPage","@id":"https:\/\/www.chezstephan.com\/?page_id=2151","url":"https:\/\/www.chezstephan.com\/?page_id=2151","name":"Ch\u00e2teau Ferreyres - Chez Stephan Hair Salon &amp; Wine Shop","isPartOf":{"@id":"https:\/\/www.chezstephan.com\/#website"},"datePublished":"2018-02-17T11:20:45+00:00","breadcrumb":{"@id":"https:\/\/www.chezstephan.com\/?page_id=2151#breadcrumb"},"inLanguage":"en-GB","potentialAction":[{"@type":"ReadAction","target":["https:\/\/www.chezstephan.com\/?page_id=2151"]}]},{"@type":"BreadcrumbList","@id":"https:\/\/www.chezstephan.com\/?page_id=2151#breadcrumb","itemListElement":[{"@type":"ListItem","position":1,"name":"Home","item":"https:\/\/www.chezstephan.com\/"},{"@type":"ListItem","position":2,"name":"Ch\u00e2teau Ferreyres"}]},{"@type":"WebSite","@id":"https:\/\/www.chezstephan.com\/#website","url":"https:\/\/www.chezstephan.com\/","name":"Chez Stephan Hair Salon &amp; Wine Shop","description":"Hairdressing &amp; Appreciation of Great Wines from French, Europe and New World","potentialAction":[{"@type":"SearchAction","target":{"@type":"EntryPoint","urlTemplate":"https:\/\/www.chezstephan.com\/?s={search_term_string}"},"query-input":{"@type":"PropertyValueSpecification","valueRequired":true,"valueName":"search_term_string"}}],"inLanguage":"en-GB"}]}},"_links":{"self":[{"href":"https:\/\/www.chezstephan.com\/index.php?rest_route=\/wp\/v2\/pages\/2151","targetHints":{"allow":["GET"]}}],"collection":[{"href":"https:\/\/www.chezstephan.com\/index.php?rest_route=\/wp\/v2\/pages"}],"about":[{"href":"https:\/\/www.chezstephan.com\/index.php?rest_route=\/wp\/v2\/types\/page"}],"author":[{"embeddable":true,"href":"https:\/\/www.chezstephan.com\/index.php?rest_route=\/wp\/v2\/users\/3"}],"replies":[{"embeddable":true,"href":"https:\/\/www.chezstephan.com\/index.php?rest_route=%2Fwp%2Fv2%2Fcomments&post=2151"}],"version-history":[{"count":0,"href":"https:\/\/www.chezstephan.com\/index.php?rest_route=\/wp\/v2\/pages\/2151\/revisions"}],"wp:attachment":[{"href":"https:\/\/www.chezstephan.com\/index.php?rest_route=%2Fwp%2Fv2%2Fmedia&parent=2151"}],"curies":[{"name":"wp","href":"https:\/\/api.w.org\/{rel}","templated":true}]}}