{"id":2192,"date":"2018-02-20T12:08:42","date_gmt":"2018-02-20T12:08:42","guid":{"rendered":"https:\/\/www.chezstephan.com\/?page_id=2192"},"modified":"2018-02-20T12:08:42","modified_gmt":"2018-02-20T12:08:42","slug":"chateau-de-paraza","status":"publish","type":"page","link":"https:\/\/www.chezstephan.com\/?page_id=2192","title":{"rendered":"Ch\u00e2teau de Paraza"},"content":{"rendered":"<p><img loading=\"lazy\" decoding=\"async\" class=\"aligncenter size-full wp-image-2193\" src=\"https:\/\/www.chezstephan.com\/wp-content\/uploads\/2018\/02\/Ch\u00e2teau-de-Paraza_logo.jpg\" alt=\"Ch\u00e2teau de Paraza_logo\" width=\"640\" height=\"480\" srcset=\"https:\/\/www.chezstephan.com\/wp-content\/uploads\/2018\/02\/Ch\u00e2teau-de-Paraza_logo.jpg 640w, https:\/\/www.chezstephan.com\/wp-content\/uploads\/2018\/02\/Ch\u00e2teau-de-Paraza_logo-600x450.jpg 600w, https:\/\/www.chezstephan.com\/wp-content\/uploads\/2018\/02\/Ch\u00e2teau-de-Paraza_logo-300x225.jpg 300w\" sizes=\"auto, (max-width: 640px) 100vw, 640px\" \/><\/p>\n<p>&nbsp;<\/p>\n<p><a href=\"https:\/\/www.chezstephan.com\/wp-content\/uploads\/2018\/02\/Ad-Vinam-Aeternam.pdf\">Ad Vinam Aeternam<\/a><br \/>\n<a href=\"https:\/\/www.chezstephan.com\/wp-content\/uploads\/2018\/02\/Cuv\u00e9e-Sp\u00e9ciale-Blanc.pdf\">Cuv\u00e9e Sp\u00e9ciale Blanc<\/a><br \/>\n<a href=\"https:\/\/www.chezstephan.com\/wp-content\/uploads\/2018\/02\/Cuv\u00e9e-Sp\u00e9ciale-Ros\u00e9.pdf\">Cuv\u00e9e Sp\u00e9ciale Ros\u00e9<\/a><br \/>\n<a href=\"https:\/\/www.chezstephan.com\/wp-content\/uploads\/2018\/02\/Cuv\u00e9e-Sp\u00e9ciale-Rouge.pdf\">Cuv\u00e9e Sp\u00e9ciale Rouge<\/a><br \/>\n<a href=\"https:\/\/www.chezstephan.com\/wp-content\/uploads\/2018\/02\/In-Vino-Veritas.pdf\">In Vino Veritas<\/a><br \/>\n<a href=\"https:\/\/www.chezstephan.com\/wp-content\/uploads\/2018\/02\/Les-Baronnies.pdf\">Les Baronnies<\/a><br \/>\n<a href=\"https:\/\/www.chezstephan.com\/wp-content\/uploads\/2018\/02\/Merlot.pdf\">Merlot<\/a><br \/>\n<a href=\"https:\/\/www.chezstephan.com\/wp-content\/uploads\/2018\/02\/Syrah-1.pdf\">Syrah<\/a><\/p>\n<p>&nbsp;<\/p>\n<p>Visit website:\u00a0\u00a0<a href=\"http:\/\/www.chateau-de-paraza.com\/\">Ch\u00e2teau de Paraza<\/a><\/p>\n<p>&nbsp;<\/p>\n<p>&nbsp;<\/p>\n","protected":false},"excerpt":{"rendered":"<p>&nbsp; Ad Vinam Aeternam Cuv\u00e9e Sp\u00e9ciale Blanc Cuv\u00e9e Sp\u00e9ciale Ros\u00e9 Cuv\u00e9e Sp\u00e9ciale Rouge In Vino Veritas Les Baronnies Merlot Syrah &nbsp; Visit website:\u00a0\u00a0Ch\u00e2teau de Paraza &nbsp; &nbsp;<\/p>\n","protected":false},"author":3,"featured_media":0,"parent":0,"menu_order":0,"comment_status":"closed","ping_status":"closed","template":"","meta":{"_exactmetrics_skip_tracking":false,"_exactmetrics_sitenote_active":false,"_exactmetrics_sitenote_note":"","_exactmetrics_sitenote_category":0,"footnotes":""},"class_list":["post-2192","page","type-page","status-publish","hentry"],"yoast_head":"<!-- This site is optimized with the Yoast SEO plugin v27.3 - https:\/\/yoast.com\/product\/yoast-seo-wordpress\/ -->\n<title>Ch\u00e2teau de Paraza - Chez Stephan Hair Salon &amp; Wine Shop<\/title>\n<meta name=\"robots\" content=\"index, follow, max-snippet:-1, max-image-preview:large, max-video-preview:-1\" \/>\n<link rel=\"canonical\" href=\"https:\/\/www.chezstephan.com\/?page_id=2192\" \/>\n<meta property=\"og:locale\" content=\"en_GB\" \/>\n<meta property=\"og:type\" content=\"article\" \/>\n<meta property=\"og:title\" content=\"Ch\u00e2teau de Paraza - Chez Stephan Hair Salon &amp; Wine Shop\" \/>\n<meta property=\"og:description\" content=\"&nbsp; Ad Vinam Aeternam Cuv\u00e9e Sp\u00e9ciale Blanc Cuv\u00e9e Sp\u00e9ciale Ros\u00e9 Cuv\u00e9e Sp\u00e9ciale Rouge In Vino Veritas Les Baronnies Merlot Syrah &nbsp; Visit website:\u00a0\u00a0Ch\u00e2teau de Paraza &nbsp; &nbsp;\" \/>\n<meta property=\"og:url\" content=\"https:\/\/www.chezstephan.com\/?page_id=2192\" \/>\n<meta property=\"og:site_name\" content=\"Chez Stephan Hair Salon &amp; Wine Shop\" \/>\n<meta name=\"twitter:card\" content=\"summary_large_image\" \/>\n<script type=\"application\/ld+json\" class=\"yoast-schema-graph\">{\"@context\":\"https:\\\/\\\/schema.org\",\"@graph\":[{\"@type\":\"WebPage\",\"@id\":\"https:\\\/\\\/www.chezstephan.com\\\/?page_id=2192\",\"url\":\"https:\\\/\\\/www.chezstephan.com\\\/?page_id=2192\",\"name\":\"Ch\u00e2teau de Paraza - Chez Stephan Hair Salon &amp; Wine Shop\",\"isPartOf\":{\"@id\":\"https:\\\/\\\/www.chezstephan.com\\\/#website\"},\"datePublished\":\"2018-02-20T12:08:42+00:00\",\"breadcrumb\":{\"@id\":\"https:\\\/\\\/www.chezstephan.com\\\/?page_id=2192#breadcrumb\"},\"inLanguage\":\"en-GB\",\"potentialAction\":[{\"@type\":\"ReadAction\",\"target\":[\"https:\\\/\\\/www.chezstephan.com\\\/?page_id=2192\"]}]},{\"@type\":\"BreadcrumbList\",\"@id\":\"https:\\\/\\\/www.chezstephan.com\\\/?page_id=2192#breadcrumb\",\"itemListElement\":[{\"@type\":\"ListItem\",\"position\":1,\"name\":\"Home\",\"item\":\"https:\\\/\\\/www.chezstephan.com\\\/\"},{\"@type\":\"ListItem\",\"position\":2,\"name\":\"Ch\u00e2teau de Paraza\"}]},{\"@type\":\"WebSite\",\"@id\":\"https:\\\/\\\/www.chezstephan.com\\\/#website\",\"url\":\"https:\\\/\\\/www.chezstephan.com\\\/\",\"name\":\"Chez Stephan Hair Salon &amp; Wine Shop\",\"description\":\"Hairdressing &amp; Appreciation of Great Wines from French, Europe and New World\",\"potentialAction\":[{\"@type\":\"SearchAction\",\"target\":{\"@type\":\"EntryPoint\",\"urlTemplate\":\"https:\\\/\\\/www.chezstephan.com\\\/?s={search_term_string}\"},\"query-input\":{\"@type\":\"PropertyValueSpecification\",\"valueRequired\":true,\"valueName\":\"search_term_string\"}}],\"inLanguage\":\"en-GB\"}]}<\/script>\n<!-- \/ Yoast SEO plugin. -->","yoast_head_json":{"title":"Ch\u00e2teau de Paraza - Chez Stephan Hair Salon &amp; Wine Shop","robots":{"index":"index","follow":"follow","max-snippet":"max-snippet:-1","max-image-preview":"max-image-preview:large","max-video-preview":"max-video-preview:-1"},"canonical":"https:\/\/www.chezstephan.com\/?page_id=2192","og_locale":"en_GB","og_type":"article","og_title":"Ch\u00e2teau de Paraza - Chez Stephan Hair Salon &amp; Wine Shop","og_description":"&nbsp; Ad Vinam Aeternam Cuv\u00e9e Sp\u00e9ciale Blanc Cuv\u00e9e Sp\u00e9ciale Ros\u00e9 Cuv\u00e9e Sp\u00e9ciale Rouge In Vino Veritas Les Baronnies Merlot Syrah &nbsp; Visit website:\u00a0\u00a0Ch\u00e2teau de Paraza &nbsp; &nbsp;","og_url":"https:\/\/www.chezstephan.com\/?page_id=2192","og_site_name":"Chez Stephan Hair Salon &amp; Wine Shop","twitter_card":"summary_large_image","schema":{"@context":"https:\/\/schema.org","@graph":[{"@type":"WebPage","@id":"https:\/\/www.chezstephan.com\/?page_id=2192","url":"https:\/\/www.chezstephan.com\/?page_id=2192","name":"Ch\u00e2teau de Paraza - Chez Stephan Hair Salon &amp; Wine Shop","isPartOf":{"@id":"https:\/\/www.chezstephan.com\/#website"},"datePublished":"2018-02-20T12:08:42+00:00","breadcrumb":{"@id":"https:\/\/www.chezstephan.com\/?page_id=2192#breadcrumb"},"inLanguage":"en-GB","potentialAction":[{"@type":"ReadAction","target":["https:\/\/www.chezstephan.com\/?page_id=2192"]}]},{"@type":"BreadcrumbList","@id":"https:\/\/www.chezstephan.com\/?page_id=2192#breadcrumb","itemListElement":[{"@type":"ListItem","position":1,"name":"Home","item":"https:\/\/www.chezstephan.com\/"},{"@type":"ListItem","position":2,"name":"Ch\u00e2teau de Paraza"}]},{"@type":"WebSite","@id":"https:\/\/www.chezstephan.com\/#website","url":"https:\/\/www.chezstephan.com\/","name":"Chez Stephan Hair Salon &amp; Wine Shop","description":"Hairdressing &amp; Appreciation of Great Wines from French, Europe and New World","potentialAction":[{"@type":"SearchAction","target":{"@type":"EntryPoint","urlTemplate":"https:\/\/www.chezstephan.com\/?s={search_term_string}"},"query-input":{"@type":"PropertyValueSpecification","valueRequired":true,"valueName":"search_term_string"}}],"inLanguage":"en-GB"}]}},"_links":{"self":[{"href":"https:\/\/www.chezstephan.com\/index.php?rest_route=\/wp\/v2\/pages\/2192","targetHints":{"allow":["GET"]}}],"collection":[{"href":"https:\/\/www.chezstephan.com\/index.php?rest_route=\/wp\/v2\/pages"}],"about":[{"href":"https:\/\/www.chezstephan.com\/index.php?rest_route=\/wp\/v2\/types\/page"}],"author":[{"embeddable":true,"href":"https:\/\/www.chezstephan.com\/index.php?rest_route=\/wp\/v2\/users\/3"}],"replies":[{"embeddable":true,"href":"https:\/\/www.chezstephan.com\/index.php?rest_route=%2Fwp%2Fv2%2Fcomments&post=2192"}],"version-history":[{"count":0,"href":"https:\/\/www.chezstephan.com\/index.php?rest_route=\/wp\/v2\/pages\/2192\/revisions"}],"wp:attachment":[{"href":"https:\/\/www.chezstephan.com\/index.php?rest_route=%2Fwp%2Fv2%2Fmedia&parent=2192"}],"curies":[{"name":"wp","href":"https:\/\/api.w.org\/{rel}","templated":true}]}}