{"id":2206,"date":"2018-02-20T12:17:07","date_gmt":"2018-02-20T12:17:07","guid":{"rendered":"https:\/\/www.chezstephan.com\/?page_id=2206"},"modified":"2018-02-20T12:17:07","modified_gmt":"2018-02-20T12:17:07","slug":"mas-de-la-deveze","status":"publish","type":"page","link":"https:\/\/www.chezstephan.com\/?page_id=2206","title":{"rendered":"Mas de la Dev\u00e8ze"},"content":{"rendered":"<p><img loading=\"lazy\" decoding=\"async\" class=\"aligncenter size-full wp-image-2207\" src=\"https:\/\/www.chezstephan.com\/wp-content\/uploads\/2018\/02\/Mas-de-la-Dev\u00e8ze_logo.jpg\" alt=\"Mas de la Dev\u00e8ze_logo\" width=\"600\" height=\"275\" srcset=\"https:\/\/www.chezstephan.com\/wp-content\/uploads\/2018\/02\/Mas-de-la-Dev\u00e8ze_logo.jpg 600w, https:\/\/www.chezstephan.com\/wp-content\/uploads\/2018\/02\/Mas-de-la-Dev\u00e8ze_logo-300x138.jpg 300w\" sizes=\"auto, (max-width: 600px) 100vw, 600px\" \/><\/p>\n<p>&nbsp;<\/p>\n<p><a href=\"https:\/\/www.chezstephan.com\/wp-content\/uploads\/2018\/02\/C\u00f4tes-Catalanes-Maccabeu.pdf\">C\u00f4tes Catalanes Maccabeu<\/a><br \/>\n<a href=\"https:\/\/www.chezstephan.com\/wp-content\/uploads\/2018\/02\/C\u00f4tes-Catalanes-Malice-Blanc.pdf\">C\u00f4tes Catalanes Malice Blanc<\/a><br \/>\n<a href=\"https:\/\/www.chezstephan.com\/wp-content\/uploads\/2018\/02\/C\u00f4tes-Catalanes-Malice-Ros\u00e9.pdf\">C\u00f4tes Catalanes Malice Ros\u00e9<\/a><br \/>\n<a href=\"https:\/\/www.chezstephan.com\/wp-content\/uploads\/2018\/02\/C\u00f4tes-Catalanes-Malice-Rouge.pdf\">C\u00f4tes Catalanes Malice Rouge<\/a><br \/>\n<a href=\"https:\/\/www.chezstephan.com\/wp-content\/uploads\/2018\/02\/C\u00f4tes-Catalanes-Maury-Grenat.pdf\">C\u00f4tes Catalanes Maury Grenat<\/a><br \/>\n<a href=\"https:\/\/www.chezstephan.com\/wp-content\/uploads\/2018\/02\/C\u00f4tes-Catalanes-Maury-Sec.pdf\">C\u00f4tes Catalanes Maury Sec<\/a> <a href=\"https:\/\/www.chezstephan.com\/wp-content\/uploads\/2018\/02\/C\u00f4tes-Catalanes-Muscat-de-Rivesaltes.pdf\">C\u00f4tes Catalanes Muscat de Rivesaltes<\/a><br \/>\n<a href=\"https:\/\/www.chezstephan.com\/wp-content\/uploads\/2018\/02\/C\u00f4tes-du-Roussillon-Blanc.pdf\">C\u00f4tes du Roussillon Blanc<\/a> <a href=\"https:\/\/www.chezstephan.com\/wp-content\/uploads\/2018\/02\/C\u00f4tes-du-Roussillon-Villages-Rouge.pdf\">C\u00f4tes du Roussillon Villages Rouge<\/a><br \/>\n<a href=\"https:\/\/www.chezstephan.com\/wp-content\/uploads\/2018\/02\/C\u00f4tes-du-Roussillon-Villages-Tautavel.pdf\">C\u00f4tes du Roussillon Villages Tautavel<\/a><\/p>\n<p>Visit website:\u00a0<a href=\"https:\/\/www.masdeladeveze.fr\/\">Mas de la Dev\u00e8ze<\/a><\/p>\n","protected":false},"excerpt":{"rendered":"<p>&nbsp; C\u00f4tes Catalanes Maccabeu C\u00f4tes Catalanes Malice Blanc C\u00f4tes Catalanes Malice Ros\u00e9 C\u00f4tes Catalanes Malice Rouge C\u00f4tes Catalanes Maury Grenat C\u00f4tes Catalanes Maury Sec C\u00f4tes Catalanes Muscat de Rivesaltes C\u00f4tes du Roussillon Blanc C\u00f4tes du Roussillon Villages Rouge C\u00f4tes du Roussillon Villages Tautavel Visit website:\u00a0Mas de la Dev\u00e8ze<\/p>\n","protected":false},"author":3,"featured_media":0,"parent":0,"menu_order":0,"comment_status":"closed","ping_status":"closed","template":"","meta":{"_exactmetrics_skip_tracking":false,"_exactmetrics_sitenote_active":false,"_exactmetrics_sitenote_note":"","_exactmetrics_sitenote_category":0,"footnotes":""},"class_list":["post-2206","page","type-page","status-publish","hentry"],"yoast_head":"<!-- This site is optimized with the Yoast SEO plugin v27.3 - https:\/\/yoast.com\/product\/yoast-seo-wordpress\/ -->\n<title>Mas de la Dev\u00e8ze - Chez Stephan Hair Salon &amp; Wine Shop<\/title>\n<meta name=\"robots\" content=\"index, follow, max-snippet:-1, max-image-preview:large, max-video-preview:-1\" \/>\n<link rel=\"canonical\" href=\"https:\/\/www.chezstephan.com\/?page_id=2206\" \/>\n<meta property=\"og:locale\" content=\"en_GB\" \/>\n<meta property=\"og:type\" content=\"article\" \/>\n<meta property=\"og:title\" content=\"Mas de la Dev\u00e8ze - Chez Stephan Hair Salon &amp; Wine Shop\" \/>\n<meta property=\"og:description\" content=\"&nbsp; C\u00f4tes Catalanes Maccabeu C\u00f4tes Catalanes Malice Blanc C\u00f4tes Catalanes Malice Ros\u00e9 C\u00f4tes Catalanes Malice Rouge C\u00f4tes Catalanes Maury Grenat C\u00f4tes Catalanes Maury Sec C\u00f4tes Catalanes Muscat de Rivesaltes C\u00f4tes du Roussillon Blanc C\u00f4tes du Roussillon Villages Rouge C\u00f4tes du Roussillon Villages Tautavel Visit website:\u00a0Mas de la Dev\u00e8ze\" \/>\n<meta property=\"og:url\" content=\"https:\/\/www.chezstephan.com\/?page_id=2206\" \/>\n<meta property=\"og:site_name\" content=\"Chez Stephan Hair Salon &amp; Wine Shop\" \/>\n<meta name=\"twitter:card\" content=\"summary_large_image\" \/>\n<script type=\"application\/ld+json\" class=\"yoast-schema-graph\">{\"@context\":\"https:\\\/\\\/schema.org\",\"@graph\":[{\"@type\":\"WebPage\",\"@id\":\"https:\\\/\\\/www.chezstephan.com\\\/?page_id=2206\",\"url\":\"https:\\\/\\\/www.chezstephan.com\\\/?page_id=2206\",\"name\":\"Mas de la Dev\u00e8ze - Chez Stephan Hair Salon &amp; Wine Shop\",\"isPartOf\":{\"@id\":\"https:\\\/\\\/www.chezstephan.com\\\/#website\"},\"datePublished\":\"2018-02-20T12:17:07+00:00\",\"breadcrumb\":{\"@id\":\"https:\\\/\\\/www.chezstephan.com\\\/?page_id=2206#breadcrumb\"},\"inLanguage\":\"en-GB\",\"potentialAction\":[{\"@type\":\"ReadAction\",\"target\":[\"https:\\\/\\\/www.chezstephan.com\\\/?page_id=2206\"]}]},{\"@type\":\"BreadcrumbList\",\"@id\":\"https:\\\/\\\/www.chezstephan.com\\\/?page_id=2206#breadcrumb\",\"itemListElement\":[{\"@type\":\"ListItem\",\"position\":1,\"name\":\"Home\",\"item\":\"https:\\\/\\\/www.chezstephan.com\\\/\"},{\"@type\":\"ListItem\",\"position\":2,\"name\":\"Mas de la Dev\u00e8ze\"}]},{\"@type\":\"WebSite\",\"@id\":\"https:\\\/\\\/www.chezstephan.com\\\/#website\",\"url\":\"https:\\\/\\\/www.chezstephan.com\\\/\",\"name\":\"Chez Stephan Hair Salon &amp; Wine Shop\",\"description\":\"Hairdressing &amp; Appreciation of Great Wines from French, Europe and New World\",\"potentialAction\":[{\"@type\":\"SearchAction\",\"target\":{\"@type\":\"EntryPoint\",\"urlTemplate\":\"https:\\\/\\\/www.chezstephan.com\\\/?s={search_term_string}\"},\"query-input\":{\"@type\":\"PropertyValueSpecification\",\"valueRequired\":true,\"valueName\":\"search_term_string\"}}],\"inLanguage\":\"en-GB\"}]}<\/script>\n<!-- \/ Yoast SEO plugin. -->","yoast_head_json":{"title":"Mas de la Dev\u00e8ze - Chez Stephan Hair Salon &amp; Wine Shop","robots":{"index":"index","follow":"follow","max-snippet":"max-snippet:-1","max-image-preview":"max-image-preview:large","max-video-preview":"max-video-preview:-1"},"canonical":"https:\/\/www.chezstephan.com\/?page_id=2206","og_locale":"en_GB","og_type":"article","og_title":"Mas de la Dev\u00e8ze - Chez Stephan Hair Salon &amp; Wine Shop","og_description":"&nbsp; C\u00f4tes Catalanes Maccabeu C\u00f4tes Catalanes Malice Blanc C\u00f4tes Catalanes Malice Ros\u00e9 C\u00f4tes Catalanes Malice Rouge C\u00f4tes Catalanes Maury Grenat C\u00f4tes Catalanes Maury Sec C\u00f4tes Catalanes Muscat de Rivesaltes C\u00f4tes du Roussillon Blanc C\u00f4tes du Roussillon Villages Rouge C\u00f4tes du Roussillon Villages Tautavel Visit website:\u00a0Mas de la Dev\u00e8ze","og_url":"https:\/\/www.chezstephan.com\/?page_id=2206","og_site_name":"Chez Stephan Hair Salon &amp; Wine Shop","twitter_card":"summary_large_image","schema":{"@context":"https:\/\/schema.org","@graph":[{"@type":"WebPage","@id":"https:\/\/www.chezstephan.com\/?page_id=2206","url":"https:\/\/www.chezstephan.com\/?page_id=2206","name":"Mas de la Dev\u00e8ze - Chez Stephan Hair Salon &amp; Wine Shop","isPartOf":{"@id":"https:\/\/www.chezstephan.com\/#website"},"datePublished":"2018-02-20T12:17:07+00:00","breadcrumb":{"@id":"https:\/\/www.chezstephan.com\/?page_id=2206#breadcrumb"},"inLanguage":"en-GB","potentialAction":[{"@type":"ReadAction","target":["https:\/\/www.chezstephan.com\/?page_id=2206"]}]},{"@type":"BreadcrumbList","@id":"https:\/\/www.chezstephan.com\/?page_id=2206#breadcrumb","itemListElement":[{"@type":"ListItem","position":1,"name":"Home","item":"https:\/\/www.chezstephan.com\/"},{"@type":"ListItem","position":2,"name":"Mas de la Dev\u00e8ze"}]},{"@type":"WebSite","@id":"https:\/\/www.chezstephan.com\/#website","url":"https:\/\/www.chezstephan.com\/","name":"Chez Stephan Hair Salon &amp; Wine Shop","description":"Hairdressing &amp; Appreciation of Great Wines from French, Europe and New World","potentialAction":[{"@type":"SearchAction","target":{"@type":"EntryPoint","urlTemplate":"https:\/\/www.chezstephan.com\/?s={search_term_string}"},"query-input":{"@type":"PropertyValueSpecification","valueRequired":true,"valueName":"search_term_string"}}],"inLanguage":"en-GB"}]}},"_links":{"self":[{"href":"https:\/\/www.chezstephan.com\/index.php?rest_route=\/wp\/v2\/pages\/2206","targetHints":{"allow":["GET"]}}],"collection":[{"href":"https:\/\/www.chezstephan.com\/index.php?rest_route=\/wp\/v2\/pages"}],"about":[{"href":"https:\/\/www.chezstephan.com\/index.php?rest_route=\/wp\/v2\/types\/page"}],"author":[{"embeddable":true,"href":"https:\/\/www.chezstephan.com\/index.php?rest_route=\/wp\/v2\/users\/3"}],"replies":[{"embeddable":true,"href":"https:\/\/www.chezstephan.com\/index.php?rest_route=%2Fwp%2Fv2%2Fcomments&post=2206"}],"version-history":[{"count":0,"href":"https:\/\/www.chezstephan.com\/index.php?rest_route=\/wp\/v2\/pages\/2206\/revisions"}],"wp:attachment":[{"href":"https:\/\/www.chezstephan.com\/index.php?rest_route=%2Fwp%2Fv2%2Fmedia&parent=2206"}],"curies":[{"name":"wp","href":"https:\/\/api.w.org\/{rel}","templated":true}]}}